{"id":31,"date":"2021-02-11T23:26:13","date_gmt":"2021-02-11T22:26:13","guid":{"rendered":"http:\/\/amkos.dfirma.pl\/?page_id=31"},"modified":"2021-02-11T23:42:53","modified_gmt":"2021-02-11T22:42:53","slug":"uslugi","status":"publish","type":"page","link":"https:\/\/amkos.dfirma.pl\/index.php\/uslugi\/","title":{"rendered":"Us\u0142ugi"},"content":{"rendered":"\n<p>Firma AMKOS \u015bwiadczy us\u0142ugi w zakresie:<\/p>\n\n\n\n<ul class=\"wp-block-list\"><li>Projektowanie os\u0142on pracowni RTG<\/li><li>Sporz\u0105dzanie pe\u0142nej dokumntacji do Sanepidu<\/li><li>Nadz\u00f3r nad pracowani\u0105<\/li><li>Pomiary dawek<\/li><\/ul>\n\n\n\n<p><\/p>\n","protected":false},"excerpt":{"rendered":"<p>Firma AMKOS \u015bwiadczy us\u0142ugi w zakresie: Projektowanie os\u0142on pracowni RTG Sporz\u0105dzanie pe\u0142nej dokumntacji do Sanepidu Nadz\u00f3r nad pracowani\u0105 Pomiary dawek<\/p>\n","protected":false},"author":1,"featured_media":0,"parent":0,"menu_order":0,"comment_status":"closed","ping_status":"closed","template":"","meta":{"footnotes":""},"class_list":["post-31","page","type-page","status-publish","hentry"],"_links":{"self":[{"href":"https:\/\/amkos.dfirma.pl\/index.php\/wp-json\/wp\/v2\/pages\/31","targetHints":{"allow":["GET"]}}],"collection":[{"href":"https:\/\/amkos.dfirma.pl\/index.php\/wp-json\/wp\/v2\/pages"}],"about":[{"href":"https:\/\/amkos.dfirma.pl\/index.php\/wp-json\/wp\/v2\/types\/page"}],"author":[{"embeddable":true,"href":"https:\/\/amkos.dfirma.pl\/index.php\/wp-json\/wp\/v2\/users\/1"}],"replies":[{"embeddable":true,"href":"https:\/\/amkos.dfirma.pl\/index.php\/wp-json\/wp\/v2\/comments?post=31"}],"version-history":[{"count":2,"href":"https:\/\/amkos.dfirma.pl\/index.php\/wp-json\/wp\/v2\/pages\/31\/revisions"}],"predecessor-version":[{"id":61,"href":"https:\/\/amkos.dfirma.pl\/index.php\/wp-json\/wp\/v2\/pages\/31\/revisions\/61"}],"wp:attachment":[{"href":"https:\/\/amkos.dfirma.pl\/index.php\/wp-json\/wp\/v2\/media?parent=31"}],"curies":[{"name":"wp","href":"https:\/\/api.w.org\/{rel}","templated":true}]}}